{"id":697,"date":"2022-10-09T14:21:35","date_gmt":"2022-10-09T12:21:35","guid":{"rendered":"https:\/\/joellepascal.be\/?page_id=697"},"modified":"2022-10-24T17:43:15","modified_gmt":"2022-10-24T15:43:15","slug":"nos-photos","status":"publish","type":"page","link":"https:\/\/joellepascal.be\/index.php\/nos-photos\/","title":{"rendered":"Nos photos"},"content":{"rendered":"\n<p>Si vous d\u00e9sirez certaines photos en haute d\u00e9finition pour les imprimer, n&#8217;h\u00e9sitez pas \u00e0 nous les demander en nous envoyant les num\u00e9ros par email (<a href=\"mailto:pdebuisson@dpiteam.com\">pdebuisson@dpiteam.com<\/a>).<\/p>\n\n\n\n<p>Cliquez sur une photo pour lancer le diaporama&#8230;  <strong>Les quelques vid\u00e9os se trouvent plus bas<\/strong>&#8230;<\/p>\n\n\n<div class=\"ngg-albumoverview default-view\">\n            <div class=\"ngg-album-compact\">\n            <div class=\"ngg-album-compactbox\">\n                <div class=\"ngg-album-link\">\n                                                                <a title='Notre mariage'\n                       href='https:\/\/joellepascal.be\/index.php\/nos-photos\/nggallery\/mariage\/notre-mariage'>\n                            <img class=\"Thumb\"\n                                 alt=\"Notre mariage\"\n                                 src=\"https:\/\/joellepascal.be\/wp-content\/gallery\/notre-mariage\/cache\/2022-09-03_Mariage-Joe%CC%88lle-et-Pascal_086.jpg-nggid03107-ngg0dyn-240x160x100-00f0w010c010r110f110r010t010.jpg\"\/>\n                        <\/a>\n                                                        <\/div>\n            <\/div>\n                        <h4>\n                <a class='ngg-album-desc' title='Notre mariage'\n                       href='https:\/\/joellepascal.be\/index.php\/nos-photos\/nggallery\/mariage\/notre-mariage'style=\"max-width: 260px\">Notre mariage<\/a>\n            <\/h4>\n            <p class=\"ngg-album-gallery-image-counter\">\n                                    <strong>364<\/strong>&nbsp;Photos                            <\/p>\n        <\/div>\n            <div class=\"ngg-album-compact\">\n            <div class=\"ngg-album-compactbox\">\n                <div class=\"ngg-album-link\">\n                                                                <a title='Pr\u00e9paration'\n                       href='https:\/\/joellepascal.be\/index.php\/nos-photos\/nggallery\/mariage\/preparation'>\n                            <img class=\"Thumb\"\n                                 alt=\"Pr\u00e9paration\"\n                                 src=\"https:\/\/joellepascal.be\/wp-content\/gallery\/preparation\/cache\/2022-06-12_Me%CC%81lin_Repe%CC%81rage-avec-Joe%CC%88lle-et-Pascal_007.jpg-nggid014-ngg0dyn-240x160x100-00f0w010c010r110f110r010t010.jpg\"\/>\n                        <\/a>\n                                                        <\/div>\n            <\/div>\n                        <h4>\n                <a class='ngg-album-desc' title='Pr\u00e9paration'\n                       href='https:\/\/joellepascal.be\/index.php\/nos-photos\/nggallery\/mariage\/preparation'style=\"max-width: 260px\">Pr\u00e9paration<\/a>\n            <\/h4>\n            <p class=\"ngg-album-gallery-image-counter\">\n                                    <strong>16<\/strong>&nbsp;Photos                            <\/p>\n        <\/div>\n            <div class=\"ngg-album-compact\">\n            <div class=\"ngg-album-compactbox\">\n                <div class=\"ngg-album-link\">\n                                                                <a title='Nos voyages'\n                       href='https:\/\/joellepascal.be\/index.php\/nos-photos\/nggallery\/mariage\/nos-voyages'>\n                            <img class=\"Thumb\"\n                                 alt=\"Nos voyages\"\n                                 src=\"https:\/\/joellepascal.be\/wp-content\/gallery\/nos-voyages\/cache\/disney.jpg-nggid0217-ngg0dyn-240x160x100-00f0w010c010r110f110r010t010.jpg\"\/>\n                        <\/a>\n                                                        <\/div>\n            <\/div>\n                        <h4>\n                <a class='ngg-album-desc' title='Nos voyages'\n                       href='https:\/\/joellepascal.be\/index.php\/nos-photos\/nggallery\/mariage\/nos-voyages'style=\"max-width: 260px\">Nos voyages<\/a>\n            <\/h4>\n            <p class=\"ngg-album-gallery-image-counter\">\n                                    <strong>30<\/strong>&nbsp;Photos                            <\/p>\n        <\/div>\n            <div class=\"ngg-album-compact\">\n            <div class=\"ngg-album-compactbox\">\n                <div class=\"ngg-album-link\">\n                                                                <a title='Sorties'\n                       href='https:\/\/joellepascal.be\/index.php\/nos-photos\/nggallery\/mariage\/sorties'>\n                            <img class=\"Thumb\"\n                                 alt=\"Sorties\"\n                                 src=\"https:\/\/joellepascal.be\/wp-content\/gallery\/sorties\/cache\/header1-1.jpg-nggid0237-ngg0dyn-240x160x100-00f0w010c010r110f110r010t010.jpg\"\/>\n                        <\/a>\n                                                        <\/div>\n            <\/div>\n                        <h4>\n                <a class='ngg-album-desc' title='Sorties'\n                       href='https:\/\/joellepascal.be\/index.php\/nos-photos\/nggallery\/mariage\/sorties'style=\"max-width: 260px\">Sorties<\/a>\n            <\/h4>\n            <p class=\"ngg-album-gallery-image-counter\">\n                                    <strong>7<\/strong>&nbsp;Photos                            <\/p>\n        <\/div>\n        <br class=\"ngg-clear\"\/>\n    <div class='ngg-clear'><\/div><\/div>\n\n\n\n<p class=\"has-text-align-center has-medium-font-size\" style=\"font-style:italic;font-weight:900\">Quelques videos<\/p>\n\n\n\n<figure class=\"wp-block-embed is-type-video is-provider-youtube wp-block-embed-youtube wp-embed-aspect-16-9 wp-has-aspect-ratio\"><div class=\"wp-block-embed__wrapper\">\n<iframe loading=\"lazy\" title=\"La rencontre\" width=\"1080\" height=\"608\" src=\"https:\/\/www.youtube.com\/embed\/olzcBgS2W6s?feature=oembed\" frameborder=\"0\" allow=\"accelerometer; autoplay; clipboard-write; encrypted-media; gyroscope; picture-in-picture\" allowfullscreen><\/iframe>\n<\/div><\/figure>\n\n\n\n<figure class=\"wp-block-embed is-type-video is-provider-youtube wp-block-embed-youtube wp-embed-aspect-16-9 wp-has-aspect-ratio\"><div class=\"wp-block-embed__wrapper\">\n<iframe loading=\"lazy\" title=\"On a dit oui\" width=\"1080\" height=\"608\" src=\"https:\/\/www.youtube.com\/embed\/UYpvzKfKNXY?feature=oembed\" frameborder=\"0\" allow=\"accelerometer; autoplay; clipboard-write; encrypted-media; gyroscope; picture-in-picture\" allowfullscreen><\/iframe>\n<\/div><\/figure>\n\n\n\n<figure class=\"wp-block-embed is-type-video is-provider-youtube wp-block-embed-youtube wp-embed-aspect-16-9 wp-has-aspect-ratio\"><div class=\"wp-block-embed__wrapper\">\n<iframe loading=\"lazy\" title=\"Direction M\u00e9lin\" width=\"1080\" height=\"608\" src=\"https:\/\/www.youtube.com\/embed\/oAb49RpkJGA?feature=oembed\" frameborder=\"0\" allow=\"accelerometer; autoplay; clipboard-write; encrypted-media; gyroscope; picture-in-picture\" allowfullscreen><\/iframe>\n<\/div><\/figure>\n\n\n\n<figure class=\"wp-block-embed is-type-video is-provider-youtube wp-block-embed-youtube wp-embed-aspect-16-9 wp-has-aspect-ratio\"><div class=\"wp-block-embed__wrapper\">\n<iframe loading=\"lazy\" title=\"L&#039;entr\u00e9e\" width=\"1080\" height=\"608\" src=\"https:\/\/www.youtube.com\/embed\/d6rmxVplnAU?feature=oembed\" frameborder=\"0\" allow=\"accelerometer; autoplay; clipboard-write; encrypted-media; gyroscope; picture-in-picture\" allowfullscreen><\/iframe>\n<\/div><\/figure>\n\n\n\n<figure class=\"wp-block-embed is-type-video is-provider-youtube wp-block-embed-youtube wp-embed-aspect-16-9 wp-has-aspect-ratio\"><div class=\"wp-block-embed__wrapper\">\n<iframe loading=\"lazy\" title=\"Concert d&#039;avant soir\u00e9e\" width=\"1080\" height=\"608\" src=\"https:\/\/www.youtube.com\/embed\/NzKKDqqnYVw?feature=oembed\" frameborder=\"0\" allow=\"accelerometer; autoplay; clipboard-write; encrypted-media; gyroscope; picture-in-picture\" allowfullscreen><\/iframe>\n<\/div><\/figure>\n\n\n\n<figure class=\"wp-block-embed is-type-video is-provider-youtube wp-block-embed-youtube wp-embed-aspect-16-9 wp-has-aspect-ratio\"><div class=\"wp-block-embed__wrapper\">\n<iframe loading=\"lazy\" title=\"La premi\u00e8re danse\" width=\"1080\" height=\"608\" src=\"https:\/\/www.youtube.com\/embed\/B-N_vo3gyDg?feature=oembed\" frameborder=\"0\" allow=\"accelerometer; autoplay; clipboard-write; encrypted-media; gyroscope; picture-in-picture\" allowfullscreen><\/iframe>\n<\/div><\/figure>\n\n\n\n<figure class=\"wp-block-embed is-type-video is-provider-youtube wp-block-embed-youtube wp-embed-aspect-16-9 wp-has-aspect-ratio\"><div class=\"wp-block-embed__wrapper\">\n<iframe loading=\"lazy\" title=\"La Jerusalema\" width=\"1080\" height=\"608\" src=\"https:\/\/www.youtube.com\/embed\/WVuO7LO6omA?feature=oembed\" frameborder=\"0\" allow=\"accelerometer; autoplay; clipboard-write; encrypted-media; gyroscope; picture-in-picture\" allowfullscreen><\/iframe>\n<\/div><\/figure>\n\n\n\n<figure class=\"wp-block-embed is-type-video is-provider-youtube wp-block-embed-youtube wp-embed-aspect-16-9 wp-has-aspect-ratio\"><div class=\"wp-block-embed__wrapper\">\n<iframe loading=\"lazy\" title=\"Un petit dessert ?\" width=\"1080\" height=\"608\" src=\"https:\/\/www.youtube.com\/embed\/hYmwT2vJXcU?feature=oembed\" frameborder=\"0\" allow=\"accelerometer; autoplay; clipboard-write; encrypted-media; gyroscope; picture-in-picture\" allowfullscreen><\/iframe>\n<\/div><\/figure>\n\n\n\n<figure class=\"wp-block-embed is-type-video is-provider-youtube wp-block-embed-youtube wp-embed-aspect-16-9 wp-has-aspect-ratio\"><div class=\"wp-block-embed__wrapper\">\n<iframe loading=\"lazy\" title=\"Capiiiiiiiiiiiiiii.....\" width=\"1080\" height=\"608\" src=\"https:\/\/www.youtube.com\/embed\/ktkXXiblNeM?feature=oembed\" frameborder=\"0\" allow=\"accelerometer; autoplay; clipboard-write; encrypted-media; gyroscope; picture-in-picture\" allowfullscreen><\/iframe>\n<\/div><\/figure>\n","protected":false},"excerpt":{"rendered":"<p>Si vous d\u00e9sirez certaines photos en haute d\u00e9finition pour les imprimer, n&#8217;h\u00e9sitez pas \u00e0 nous les demander en nous envoyant les num\u00e9ros par email (pdebuisson@dpiteam.com). Cliquez sur une photo pour lancer le diaporama&#8230; Les quelques vid\u00e9os se trouvent plus bas&#8230; Quelques videos<\/p>\n","protected":false},"author":1,"featured_media":0,"parent":0,"menu_order":0,"comment_status":"closed","ping_status":"closed","template":"page-templates\/full-width.php","meta":{"ngg_post_thumbnail":0,"footnotes":""},"class_list":["post-697","page","type-page","status-publish","hentry"],"_links":{"self":[{"href":"https:\/\/joellepascal.be\/index.php\/wp-json\/wp\/v2\/pages\/697","targetHints":{"allow":["GET"]}}],"collection":[{"href":"https:\/\/joellepascal.be\/index.php\/wp-json\/wp\/v2\/pages"}],"about":[{"href":"https:\/\/joellepascal.be\/index.php\/wp-json\/wp\/v2\/types\/page"}],"author":[{"embeddable":true,"href":"https:\/\/joellepascal.be\/index.php\/wp-json\/wp\/v2\/users\/1"}],"replies":[{"embeddable":true,"href":"https:\/\/joellepascal.be\/index.php\/wp-json\/wp\/v2\/comments?post=697"}],"version-history":[{"count":12,"href":"https:\/\/joellepascal.be\/index.php\/wp-json\/wp\/v2\/pages\/697\/revisions"}],"predecessor-version":[{"id":1102,"href":"https:\/\/joellepascal.be\/index.php\/wp-json\/wp\/v2\/pages\/697\/revisions\/1102"}],"wp:attachment":[{"href":"https:\/\/joellepascal.be\/index.php\/wp-json\/wp\/v2\/media?parent=697"}],"curies":[{"name":"wp","href":"https:\/\/api.w.org\/{rel}","templated":true}]}}